{"id":60,"date":"2025-07-28T11:37:03","date_gmt":"2025-07-28T09:37:03","guid":{"rendered":"https:\/\/energycare.fr\/?page_id=60"},"modified":"2025-11-02T20:49:54","modified_gmt":"2025-11-02T19:49:54","slug":"safetycare-kit-ergonomique","status":"publish","type":"page","link":"https:\/\/energycare.fr\/index.php\/safetycare-kit-ergonomique\/","title":{"rendered":"SafetyCare"},"content":{"rendered":"<p>[et_pb_section fb_built=\u00a0\u00bb1&Prime; _builder_version=\u00a0\u00bb4.27.4&Prime; _module_preset=\u00a0\u00bbdefault\u00a0\u00bb use_background_color_gradient=\u00a0\u00bbon\u00a0\u00bb background_color_gradient_stops=\u00a0\u00bbrgba(10,10,10,0.3) 0%|rgba(0,0,10,0.3) 100%\u00a0\u00bb background_color_gradient_overlays_image=\u00a0\u00bbon\u00a0\u00bb background_enable_image=\u00a0\u00bboff\u00a0\u00bb background_video_mp4=\u00a0\u00bbhttps:\/\/energycare.fr\/wp-content\/uploads\/2025\/06\/EnergyCare-Kit-ergonomique-SafetyCare.mp4&Prime; min_height=\u00a0\u00bb56vw\u00a0\u00bb link_option_url_new_window=\u00a0\u00bbon\u00a0\u00bb global_colors_info=\u00a0\u00bb{}\u00a0\u00bb][\/et_pb_section][et_pb_section fb_built=\u00a0\u00bb1&Prime; _builder_version=\u00a0\u00bb4.27.4&Prime; _module_preset=\u00a0\u00bbdefault\u00a0\u00bb custom_padding=\u00a0\u00bb0px||0px||true|\u00a0\u00bb global_colors_info=\u00a0\u00bb{}\u00a0\u00bb][et_pb_row _builder_version=\u00a0\u00bb4.27.4&Prime; _module_preset=\u00a0\u00bbdefault\u00a0\u00bb custom_padding=\u00a0\u00bb0px||0px|||\u00a0\u00bb global_colors_info=\u00a0\u00bb{}\u00a0\u00bb][et_pb_column type=\u00a0\u00bb4_4&Prime; _builder_version=\u00a0\u00bb4.27.4&Prime; _module_preset=\u00a0\u00bbdefault\u00a0\u00bb global_colors_info=\u00a0\u00bb{}\u00a0\u00bb][et_pb_icon font_icon=\u00a0\u00bb&#x37;||divi||400&Prime; icon_color=\u00a0\u00bb#FDAE00&Prime; icon_width=\u00a0\u00bb75px\u00a0\u00bb url=\u00a0\u00bb#kit\u00a0\u00bb disabled_on=\u00a0\u00bbon|off|off\u00a0\u00bb _builder_version=\u00a0\u00bb4.27.4&Prime; _module_preset=\u00a0\u00bbdefault\u00a0\u00bb background_color=\u00a0\u00bbrgba(255,255,255,0.5)\u00a0\u00bb positioning=\u00a0\u00bbrelative\u00a0\u00bb position_origin_a=\u00a0\u00bbtop_center\u00a0\u00bb vertical_offset=\u00a0\u00bb-92px\u00a0\u00bb animation_style=\u00a0\u00bbslide\u00a0\u00bb animation_direction=\u00a0\u00bbtop\u00a0\u00bb animation_duration=\u00a0\u00bb2000ms\u00a0\u00bb animation_delay=\u00a0\u00bb100ms\u00a0\u00bb animation_intensity_slide=\u00a0\u00bb15%\u00a0\u00bb animation_starting_opacity=\u00a0\u00bb100%\u00a0\u00bb animation_speed_curve=\u00a0\u00bblinear\u00a0\u00bb animation_repeat=\u00a0\u00bbloop\u00a0\u00bb border_radii=\u00a0\u00bbon|254px|254px|254px|254px\u00a0\u00bb global_colors_info=\u00a0\u00bb{}\u00a0\u00bb][\/et_pb_icon][\/et_pb_column][\/et_pb_row][et_pb_row module_id=\u00a0\u00bbkit\u00a0\u00bb module_class=\u00a0\u00bbkit\u00a0\u00bb _builder_version=\u00a0\u00bb4.27.4&Prime; _module_preset=\u00a0\u00bbdefault\u00a0\u00bb global_colors_info=\u00a0\u00bb{}\u00a0\u00bb][et_pb_column type=\u00a0\u00bb4_4&Prime; _builder_version=\u00a0\u00bb4.27.4&Prime; _module_preset=\u00a0\u00bbdefault\u00a0\u00bb global_colors_info=\u00a0\u00bb{}\u00a0\u00bb][et_pb_text _builder_version=\u00a0\u00bb4.27.4&Prime; _module_preset=\u00a0\u00bbdefault\u00a0\u00bb header_3_text_color=\u00a0\u00bb#FDAE00&Prime; header_3_font_size=\u00a0\u00bb32px\u00a0\u00bb custom_padding=\u00a0\u00bb4px|||||\u00a0\u00bb custom_css_main_element=\u00a0\u00bbsup {||  font-size:20px;||}\u00a0\u00bb global_colors_info=\u00a0\u00bb{}\u00a0\u00bb]<\/p>\n<h3><strong>POURQUOI \u00c9QUIPER SES UNIT\u00c9S DU KIT SAFETYCARE<sup>\u00ae<\/sup> ?<\/strong><\/h3>\n<p>[\/et_pb_text][\/et_pb_column][\/et_pb_row][\/et_pb_section][et_pb_section fb_built=\u00a0\u00bb1&Prime; next_background_color=\u00a0\u00bb#FDAE00&Prime; _builder_version=\u00a0\u00bb4.27.4&Prime; _module_preset=\u00a0\u00bbdefault\u00a0\u00bb custom_padding=\u00a0\u00bb0px|||||\u00a0\u00bb bottom_divider_style=\u00a0\u00bbslant\u00a0\u00bb global_colors_info=\u00a0\u00bb{}\u00a0\u00bb][et_pb_row column_structure=\u00a0\u00bb1_2,1_2&Prime; _builder_version=\u00a0\u00bb4.27.4&Prime; _module_preset=\u00a0\u00bbdefault\u00a0\u00bb global_colors_info=\u00a0\u00bb{}\u00a0\u00bb][et_pb_column type=\u00a0\u00bb1_2&Prime; _builder_version=\u00a0\u00bb4.27.4&Prime; _module_preset=\u00a0\u00bbdefault\u00a0\u00bb global_colors_info=\u00a0\u00bb{}\u00a0\u00bb][et_pb_text _builder_version=\u00a0\u00bb4.27.4&Prime; _module_preset=\u00a0\u00bb1010a7cc-5d48-4f8c-ba28-73ae03082247&Prime; global_colors_info=\u00a0\u00bb{}\u00a0\u00bb]Le kit ergonomique brevet\u00e9 SafetyCare<sup>\u00ae<\/sup> permet de r\u00e9duire les temps d\u2019acc\u00e8s aux parties les moins accessibles de vos unit\u00e9s \u00e0 condensation \u00e0 air, et d\u2019en s\u00e9curiser les platelages, gr\u00e2ce \u00e0 ses barri\u00e8res de protection sp\u00e9cifiquement \u00e9tudi\u00e9es et dimensionn\u00e9es pour la plupart des unit\u00e9s du march\u00e9.<\/p>\n<p>Conforme aux normes en vigueur, le kit ergonomique SafetyCare<sup>\u00ae<\/sup> est con\u00e7u par pultrusion, en r\u00e9sine isophtalique arm\u00e9e de fibre de verre continue (roving). Il est r\u00e9sistant, l\u00e9ger, non conducteur, ne provoque pas de vibrations, ne n\u00e9cessite aucun entretien apr\u00e8s son montage d\u00e9finitif et est disponible en jaune RAL 1016 et gris RAL 7001 (autres RAL sur demande).<\/p>\n<p>Ce kit constitue un \u00c9quipement de Protection Collective (EPC), non assujetti aux contr\u00f4les annuels r\u00e8glementaires, contrairement aux \u00c9quipements de Protection Individuelle (EPI &#8211; lignes de vie et points d\u2019ancrage\u2026) et poss\u00e8de la m\u00eame dur\u00e9e de vie que celle de vos unit\u00e9s.<\/p>\n<p>Chaque montage sur une de vos unit\u00e9s est exclusivement r\u00e9alis\u00e9 par nos techniciens et donne droit \u00e0 la d\u00e9livrance d\u2019un certificat de conformit\u00e9 de pose.[\/et_pb_text][\/et_pb_column][et_pb_column type=\u00a0\u00bb1_2&Prime; _builder_version=\u00a0\u00bb4.27.4&Prime; _module_preset=\u00a0\u00bbdefault\u00a0\u00bb global_colors_info=\u00a0\u00bb{}\u00a0\u00bb][et_pb_image src=\u00a0\u00bbhttps:\/\/energycare.fr\/wp-content\/uploads\/2025\/07\/SafetyCare-230405_143807-print-HD-scaled.jpg\u00a0\u00bb title_text=\u00a0\u00bbSafetyCare-230405_143807-print HD\u00a0\u00bb _builder_version=\u00a0\u00bb4.27.4&Prime; _module_preset=\u00a0\u00bbdefault\u00a0\u00bb width=\u00a0\u00bb67%\u00a0\u00bb module_alignment=\u00a0\u00bbcenter\u00a0\u00bb custom_margin=\u00a0\u00bb0px||87px||false|false\u00a0\u00bb animation_style=\u00a0\u00bbslide\u00a0\u00bb animation_direction=\u00a0\u00bbright\u00a0\u00bb animation_intensity_slide=\u00a0\u00bb30%\u00a0\u00bb global_colors_info=\u00a0\u00bb{}\u00a0\u00bb][\/et_pb_image][\/et_pb_column][\/et_pb_row][\/et_pb_section][et_pb_section fb_built=\u00a0\u00bb1&Prime; _builder_version=\u00a0\u00bb4.27.4&Prime; _module_preset=\u00a0\u00bbdefault\u00a0\u00bb background_color=\u00a0\u00bb#FDAE00&Prime; global_colors_info=\u00a0\u00bb{}\u00a0\u00bb][et_pb_row _builder_version=\u00a0\u00bb4.27.4&Prime; _module_preset=\u00a0\u00bbdefault\u00a0\u00bb scroll_vertical_motion=\u00a0\u00bb0|50|50|100|2|0|-1&Prime; global_colors_info=\u00a0\u00bb{}\u00a0\u00bb][et_pb_column type=\u00a0\u00bb4_4&Prime; _builder_version=\u00a0\u00bb4.27.4&Prime; _module_preset=\u00a0\u00bbdefault\u00a0\u00bb global_colors_info=\u00a0\u00bb{}\u00a0\u00bb][et_pb_text _builder_version=\u00a0\u00bb4.27.4&Prime; _module_preset=\u00a0\u00bbdefault\u00a0\u00bb header_3_text_align=\u00a0\u00bbcenter\u00a0\u00bb header_3_text_color=\u00a0\u00bb#FFFFFF\u00a0\u00bb header_3_font_size=\u00a0\u00bb40px\u00a0\u00bb header_3_line_height=\u00a0\u00bb1.3em\u00a0\u00bb header_3_font_size_tablet=\u00a0\u00bb40px\u00a0\u00bb header_3_font_size_phone=\u00a0\u00bb30px\u00a0\u00bb header_3_font_size_last_edited=\u00a0\u00bbon|phone\u00a0\u00bb custom_css_main_element=\u00a0\u00bbsup {||  font-size:25px;||}\u00a0\u00bb global_colors_info=\u00a0\u00bb{}\u00a0\u00bb custom_css_after__hover_enabled=\u00a0\u00bboff|desktop\u00a0\u00bb]<\/p>\n<h3><strong>AVANTAGES DU KIT ERGONOMIQUE SAFETYCARE<sup>\u00ae<\/sup><\/strong><\/h3>\n<p>[\/et_pb_text][\/et_pb_column][\/et_pb_row][et_pb_row column_structure=\u00a0\u00bb1_4,1_4,1_4,1_4&Prime; _builder_version=\u00a0\u00bb4.27.4&Prime; _module_preset=\u00a0\u00bbdefault\u00a0\u00bb width=\u00a0\u00bb90%\u00a0\u00bb max_width=\u00a0\u00bb90%\u00a0\u00bb scroll_vertical_motion_enable=\u00a0\u00bbon\u00a0\u00bb scroll_vertical_motion=\u00a0\u00bb0|50|50|100|2|0|-1&Prime; global_colors_info=\u00a0\u00bb{}\u00a0\u00bb][et_pb_column type=\u00a0\u00bb1_4&Prime; _builder_version=\u00a0\u00bb4.27.4&Prime; _module_preset=\u00a0\u00bbdefault\u00a0\u00bb global_colors_info=\u00a0\u00bb{}\u00a0\u00bb][et_pb_blurb title=\u00a0\u00bbRapidit\u00e9 d&rsquo;intervention en cas de panne intempestives\u00a0\u00bb image=\u00a0\u00bbhttps:\/\/energycare.fr\/wp-content\/uploads\/2025\/07\/Compteur.PNG2.png\u00a0\u00bb image_icon_width=\u00a0\u00bb50%\u00a0\u00bb _builder_version=\u00a0\u00bb4.27.4&Prime; _module_preset=\u00a0\u00bbdefault\u00a0\u00bb header_text_color=\u00a0\u00bb#FFFFFF\u00a0\u00bb header_font_size=\u00a0\u00bb22px\u00a0\u00bb text_orientation=\u00a0\u00bbcenter\u00a0\u00bb global_colors_info=\u00a0\u00bb{}\u00a0\u00bb][\/et_pb_blurb][\/et_pb_column][et_pb_column type=\u00a0\u00bb1_4&Prime; _builder_version=\u00a0\u00bb4.27.4&Prime; _module_preset=\u00a0\u00bbdefault\u00a0\u00bb global_colors_info=\u00a0\u00bb{}\u00a0\u00bb][et_pb_blurb title=\u00a0\u00bbSuppression des risques de chutes de personnes et d&rsquo;objets\u00a0\u00bb image=\u00a0\u00bbhttps:\/\/energycare.fr\/wp-content\/uploads\/2025\/07\/Outils-x-22.png\u00a0\u00bb image_icon_width=\u00a0\u00bb50%\u00a0\u00bb _builder_version=\u00a0\u00bb4.27.4&Prime; _module_preset=\u00a0\u00bbdefault\u00a0\u00bb header_text_color=\u00a0\u00bb#FFFFFF\u00a0\u00bb header_font_size=\u00a0\u00bb22px\u00a0\u00bb text_orientation=\u00a0\u00bbcenter\u00a0\u00bb global_colors_info=\u00a0\u00bb{}\u00a0\u00bb][\/et_pb_blurb][\/et_pb_column][et_pb_column type=\u00a0\u00bb1_4&Prime; _builder_version=\u00a0\u00bb4.27.4&Prime; _module_preset=\u00a0\u00bbdefault\u00a0\u00bb global_colors_info=\u00a0\u00bb{}\u00a0\u00bb][et_pb_blurb title=\u00a0\u00bbPose certifi\u00e9e et d\u00e9finitive, pas de contr\u00f4le r\u00e9glementaire (EPC), pas d&rsquo;entretien\u00a0\u00bb image=\u00a0\u00bbhttps:\/\/energycare.fr\/wp-content\/uploads\/2025\/07\/ecrous2.png\u00a0\u00bb image_icon_width=\u00a0\u00bb50%\u00a0\u00bb _builder_version=\u00a0\u00bb4.27.4&Prime; _module_preset=\u00a0\u00bbdefault\u00a0\u00bb header_text_color=\u00a0\u00bb#FFFFFF\u00a0\u00bb header_font_size=\u00a0\u00bb22px\u00a0\u00bb text_orientation=\u00a0\u00bbcenter\u00a0\u00bb global_colors_info=\u00a0\u00bb{}\u00a0\u00bb][\/et_pb_blurb][\/et_pb_column][et_pb_column type=\u00a0\u00bb1_4&Prime; _builder_version=\u00a0\u00bb4.27.4&Prime; _module_preset=\u00a0\u00bbdefault\u00a0\u00bb global_colors_info=\u00a0\u00bb{}\u00a0\u00bb][et_pb_blurb title=\u00a0\u00bbMat\u00e9riaux composite l\u00e9ger, pas de vibrations et non conducteur\u00a0\u00bb image=\u00a0\u00bbhttps:\/\/energycare.fr\/wp-content\/uploads\/2025\/07\/Mains-serre2.png\u00a0\u00bb image_icon_width=\u00a0\u00bb50%\u00a0\u00bb _builder_version=\u00a0\u00bb4.27.4&Prime; _module_preset=\u00a0\u00bbdefault\u00a0\u00bb header_text_color=\u00a0\u00bb#FFFFFF\u00a0\u00bb header_font_size=\u00a0\u00bb22px\u00a0\u00bb text_orientation=\u00a0\u00bbcenter\u00a0\u00bb global_colors_info=\u00a0\u00bb{}\u00a0\u00bb][\/et_pb_blurb][\/et_pb_column][\/et_pb_row][\/et_pb_section][et_pb_section fb_built=\u00a0\u00bb1&Prime; prev_background_color=\u00a0\u00bb#FDAE00&Prime; _builder_version=\u00a0\u00bb4.27.4&Prime; _module_preset=\u00a0\u00bbdefault\u00a0\u00bb top_divider_style=\u00a0\u00bbslant\u00a0\u00bb global_colors_info=\u00a0\u00bb{}\u00a0\u00bb][et_pb_row _builder_version=\u00a0\u00bb4.27.4&Prime; _module_preset=\u00a0\u00bbdefault\u00a0\u00bb global_colors_info=\u00a0\u00bb{}\u00a0\u00bb][et_pb_column type=\u00a0\u00bb4_4&Prime; _builder_version=\u00a0\u00bb4.27.4&Prime; _module_preset=\u00a0\u00bbdefault\u00a0\u00bb global_colors_info=\u00a0\u00bb{}\u00a0\u00bb][et_pb_text _builder_version=\u00a0\u00bb4.27.4&Prime; _module_preset=\u00a0\u00bbdefault\u00a0\u00bb header_3_text_color=\u00a0\u00bb#FDAE00&Prime; header_3_font_size=\u00a0\u00bb32px\u00a0\u00bb custom_css_main_element=\u00a0\u00bbsup {||  font-size:20px;||}\u00a0\u00bb global_colors_info=\u00a0\u00bb{}\u00a0\u00bb]<\/p>\n<h3><strong>CARACT\u00c9RISTIQUES TECHNIQUES DU SAFETYCARE<sup>\u00ae<\/sup><\/strong><\/h3>\n<p>[\/et_pb_text][dsm_before_after_image before_src=\u00a0\u00bbhttps:\/\/energycare.fr\/wp-content\/uploads\/2025\/09\/alternative-SafetyCare.png\u00a0\u00bb before_title_text=\u00a0\u00bbSans le kit ergonomique SafetyCare\u00a0\u00bb after_src=\u00a0\u00bbhttps:\/\/energycare.fr\/wp-content\/uploads\/2025\/07\/SafetyCare-230405_152202-print-HD-scaled.jpg\u00a0\u00bb after_title_text=\u00a0\u00bbAvec le kit ergonomique SafetyCare\u00a0\u00bb before_label_text=\u00a0\u00bbSans le kit ergonomique SafetyCare\u00a0\u00bb after_label_text=\u00a0\u00bbAvec le kit ergonomique SafetyCare\u00a0\u00bb before_label_background_color=\u00a0\u00bb#232323&Prime; after_label_background_color=\u00a0\u00bb#FDAE00&Prime; _builder_version=\u00a0\u00bb4.27.4&Prime; _module_preset=\u00a0\u00bbdefault\u00a0\u00bb global_colors_info=\u00a0\u00bb{}\u00a0\u00bb][\/dsm_before_after_image][\/et_pb_column][\/et_pb_row][\/et_pb_section][et_pb_section fb_built=\u00a0\u00bb1&Prime; specialty=\u00a0\u00bbon\u00a0\u00bb _builder_version=\u00a0\u00bb4.27.4&Prime; _module_preset=\u00a0\u00bbdefault\u00a0\u00bb global_colors_info=\u00a0\u00bb{}\u00a0\u00bb][et_pb_column type=\u00a0\u00bb1_2&Prime; specialty_columns=\u00a0\u00bb2&Prime; _builder_version=\u00a0\u00bb4.16&Prime; custom_padding=\u00a0\u00bb|||\u00a0\u00bb global_colors_info=\u00a0\u00bb{}\u00a0\u00bb custom_padding__hover=\u00a0\u00bb|||\u00a0\u00bb][et_pb_row_inner _builder_version=\u00a0\u00bb4.27.4&Prime; _module_preset=\u00a0\u00bbdefault\u00a0\u00bb global_colors_info=\u00a0\u00bb{}\u00a0\u00bb][et_pb_column_inner saved_specialty_column_type=\u00a0\u00bb1_2&Prime; _builder_version=\u00a0\u00bb4.27.4&Prime; _module_preset=\u00a0\u00bbdefault\u00a0\u00bb global_colors_info=\u00a0\u00bb{}\u00a0\u00bb][et_pb_image src=\u00a0\u00bbhttps:\/\/energycare.fr\/wp-content\/uploads\/2025\/07\/Image2.jpg\u00a0\u00bb title_text=\u00a0\u00bbImage2&Prime; _builder_version=\u00a0\u00bb4.27.4&Prime; _module_preset=\u00a0\u00bbdefault\u00a0\u00bb global_colors_info=\u00a0\u00bb{}\u00a0\u00bb][\/et_pb_image][et_pb_text _builder_version=\u00a0\u00bb4.27.4&Prime; _module_preset=\u00a0\u00bbdefault\u00a0\u00bb text_text_color=\u00a0\u00bb#232323&Prime; text_font_size=\u00a0\u00bb18px\u00a0\u00bb background_color=\u00a0\u00bb#F8F8F8&Prime; custom_padding=\u00a0\u00bb13px|14px|13px|14px|true|true\u00a0\u00bb border_radii=\u00a0\u00bbon|10px|10px|10px|10px\u00a0\u00bb border_width_all=\u00a0\u00bb2px\u00a0\u00bb border_color_all=\u00a0\u00bb#FDAE00&Prime; global_colors_info=\u00a0\u00bb{}\u00a0\u00bb]<\/p>\n<p>Conforme aux normes en vigueur, le kit ergonomique SafetyCare<sup>\u00ae<\/sup> est con\u00e7u par pultrusion, en r\u00e9sine isophtalique arm\u00e9e de fibre de verre continue (roving), Il est r\u00e9sistant, l\u00e9ger, non conducteur, ne provoque pas de vibrations, ne n\u00e9cessite aucun entretien apr\u00e8s son montage d\u00e9finitif et est disponible en jaune RAL 1016 et gris RAL 7001.<\/p>\n<p>[\/et_pb_text][\/et_pb_column_inner][\/et_pb_row_inner][\/et_pb_column][et_pb_column type=\u00a0\u00bb1_2&Prime; _builder_version=\u00a0\u00bb4.16&Prime; custom_padding=\u00a0\u00bb|||\u00a0\u00bb global_colors_info=\u00a0\u00bb{}\u00a0\u00bb custom_padding__hover=\u00a0\u00bb|||\u00a0\u00bb][et_pb_image src=\u00a0\u00bbhttps:\/\/energycare.fr\/wp-content\/uploads\/2025\/08\/Image1_upscayl_4x_upscayl-standard-4x.png\u00a0\u00bb title_text=\u00a0\u00bbImage1_upscayl_4x_upscayl-standard-4x\u00a0\u00bb align=\u00a0\u00bbcenter\u00a0\u00bb force_fullwidth=\u00a0\u00bbon\u00a0\u00bb _builder_version=\u00a0\u00bb4.27.4&Prime; _module_preset=\u00a0\u00bbdefault\u00a0\u00bb global_colors_info=\u00a0\u00bb{}\u00a0\u00bb][\/et_pb_image][\/et_pb_column][\/et_pb_section][et_pb_section fb_built=\u00a0\u00bb1&Prime; _builder_version=\u00a0\u00bb4.27.4&Prime; _module_preset=\u00a0\u00bbdefault\u00a0\u00bb global_colors_info=\u00a0\u00bb{}\u00a0\u00bb][et_pb_row _builder_version=\u00a0\u00bb4.27.4&Prime; _module_preset=\u00a0\u00bbdefault\u00a0\u00bb global_colors_info=\u00a0\u00bb{}\u00a0\u00bb][et_pb_column type=\u00a0\u00bb4_4&Prime; _builder_version=\u00a0\u00bb4.27.4&Prime; _module_preset=\u00a0\u00bbdefault\u00a0\u00bb global_colors_info=\u00a0\u00bb{}\u00a0\u00bb][et_pb_button button_url=\u00a0\u00bbhttps:\/\/energycare.fr\/wp-content\/uploads\/2025\/06\/Plaquette-kit-ergonomique-SAFETYCARE-V1.0.pdf\u00a0\u00bb url_new_window=\u00a0\u00bbon\u00a0\u00bb button_text=\u00a0\u00bbT\u00e9l\u00e9charger la brochure\u00a0\u00bb button_alignment=\u00a0\u00bbcenter\u00a0\u00bb _builder_version=\u00a0\u00bb4.27.4&Prime; _module_preset=\u00a0\u00bbdefault\u00a0\u00bb custom_button=\u00a0\u00bbon\u00a0\u00bb button_text_size=\u00a0\u00bb31px\u00a0\u00bb button_text_color=\u00a0\u00bb#FDAE00&Prime; button_border_width=\u00a0\u00bb3px\u00a0\u00bb button_border_radius=\u00a0\u00bb18px\u00a0\u00bb button_icon=\u00a0\u00bb&#x68;||divi||400&Prime; global_colors_info=\u00a0\u00bb{}\u00a0\u00bb][\/et_pb_button][\/et_pb_column][\/et_pb_row][\/et_pb_section]<\/p>\n","protected":false},"excerpt":{"rendered":"<p>POURQUOI \u00c9QUIPER SES UNIT\u00c9S DU KIT SAFETYCARE\u00ae ?Le kit ergonomique brevet\u00e9 SafetyCare\u00ae permet de r\u00e9duire les temps d\u2019acc\u00e8s aux parties les moins accessibles de vos unit\u00e9s \u00e0 condensation \u00e0 air, et d\u2019en s\u00e9curiser les platelages, gr\u00e2ce \u00e0 ses barri\u00e8res de protection sp\u00e9cifiquement \u00e9tudi\u00e9es et dimensionn\u00e9es pour la plupart des unit\u00e9s du march\u00e9. Conforme aux normes en vigueur, le kit ergonomique SafetyCare\u00ae est con\u00e7u par pultrusion, en r\u00e9sine isophtalique arm\u00e9e de fibre de verre continue (roving). Il est r\u00e9sistant, l\u00e9ger, non conducteur, ne provoque pas de vibrations, ne n\u00e9cessite aucun entretien apr\u00e8s son montage d\u00e9finitif et est disponible en jaune RAL 1016 et gris RAL 7001 (autres RAL sur demande). Ce kit constitue un \u00c9quipement de Protection Collective (EPC), non assujetti aux contr\u00f4les annuels r\u00e8glementaires, contrairement aux \u00c9quipements de Protection Individuelle (EPI &#8211; lignes de vie et points d\u2019ancrage\u2026) et poss\u00e8de la m\u00eame dur\u00e9e de vie que celle de vos unit\u00e9s. Chaque montage sur une de vos unit\u00e9s est exclusivement r\u00e9alis\u00e9 par nos techniciens et donne droit \u00e0 la d\u00e9livrance d\u2019un certificat de conformit\u00e9 de pose.AVANTAGES DU KIT ERGONOMIQUE SAFETYCARE\u00aeCARACT\u00c9RISTIQUES TECHNIQUES DU SAFETYCARE\u00ae<div class=\"et_pb_module dsm_before_after_image dsm_before_after_image_0\">\n\t\t\t\t\n\t\t\t\t\n\t\t\t\t\n\t\t\t\t\n\t\t\t\t\n\t\t\t\t\n\t\t\t\t<div class=\"et_pb_module_inner\">\n\t\t\t\t\t<div class=\"dsm_before_after_image_wrapper\" data-params=[{\"offset\":\"0.5\",\"orientation\":\"horizontal\",\"overlay\":false,\"hover\":false,\"handle\":true,\"click\":false}]>\n\t\t\t\t\n\t\t\t\t\n\t\t\t\t<img decoding=\"async\" src=\"\" alt=\"\" title=\"\u00bbSans\" class=\"skip-lazy et_multi_view_hidden_image\" \/><img decoding=\"async\" src=\"\" alt=\"\" title=\"\u00bbAvec\" class=\"skip-lazy et_multi_view_hidden_image\" \/>\n\t\t\t<\/div>\n\t\t\t\t<\/div>\n\t\t\t<\/div><\/p>\n","protected":false},"author":1,"featured_media":0,"parent":0,"menu_order":0,"comment_status":"closed","ping_status":"closed","template":"","meta":{"_et_pb_use_builder":"on","_et_pb_old_content":"","_et_gb_content_width":"","footnotes":""},"class_list":["post-60","page","type-page","status-publish","hentry"],"yoast_head":"<!-- This site is optimized with the Yoast SEO plugin v27.4 - https:\/\/yoast.com\/product\/yoast-seo-wordpress\/ -->\n<title>SafetyCare - Kit Ergonomique pour groupes froid<\/title>\n<meta name=\"description\" content=\"D\u00e9couvrez le Kit de protection SafetyCare\u00ae pour groupes froid et s\u00e9curisez vos unit\u00e9s avec des mains courantes ergonomiques sur mesure.\" \/>\n<meta name=\"robots\" content=\"index, follow, max-snippet:-1, max-image-preview:large, max-video-preview:-1\" \/>\n<link rel=\"canonical\" href=\"https:\/\/energycare.fr\/index.php\/safetycare-kit-ergonomique\/\" \/>\n<meta property=\"og:locale\" content=\"fr_FR\" \/>\n<meta property=\"og:type\" content=\"article\" \/>\n<meta property=\"og:title\" content=\"SafetyCare - Kit Ergonomique pour groupes froid\" \/>\n<meta property=\"og:description\" content=\"D\u00e9couvrez le Kit de protection SafetyCare\u00ae pour groupes froid et s\u00e9curisez vos unit\u00e9s avec des mains courantes ergonomiques sur mesure.\" \/>\n<meta property=\"og:url\" content=\"https:\/\/energycare.fr\/index.php\/safetycare-kit-ergonomique\/\" \/>\n<meta property=\"og:site_name\" content=\"EnergyCare\" \/>\n<meta property=\"article:modified_time\" content=\"2025-11-02T19:49:54+00:00\" \/>\n<meta name=\"twitter:card\" content=\"summary_large_image\" \/>\n<meta name=\"twitter:label1\" content=\"Dur\u00e9e de lecture estim\u00e9e\" \/>\n\t<meta name=\"twitter:data1\" content=\"4 minutes\" \/>\n<script type=\"application\/ld+json\" class=\"yoast-schema-graph\">{\"@context\":\"https:\\\/\\\/schema.org\",\"@graph\":[{\"@type\":\"WebPage\",\"@id\":\"https:\\\/\\\/energycare.fr\\\/index.php\\\/safetycare-kit-ergonomique\\\/\",\"url\":\"https:\\\/\\\/energycare.fr\\\/index.php\\\/safetycare-kit-ergonomique\\\/\",\"name\":\"SafetyCare - Kit Ergonomique pour groupes froid\",\"isPartOf\":{\"@id\":\"https:\\\/\\\/energycare.fr\\\/#website\"},\"datePublished\":\"2025-07-28T09:37:03+00:00\",\"dateModified\":\"2025-11-02T19:49:54+00:00\",\"description\":\"D\u00e9couvrez le Kit de protection SafetyCare\u00ae pour groupes froid et s\u00e9curisez vos unit\u00e9s avec des mains courantes ergonomiques sur mesure.\",\"breadcrumb\":{\"@id\":\"https:\\\/\\\/energycare.fr\\\/index.php\\\/safetycare-kit-ergonomique\\\/#breadcrumb\"},\"inLanguage\":\"fr-FR\",\"potentialAction\":[{\"@type\":\"ReadAction\",\"target\":[\"https:\\\/\\\/energycare.fr\\\/index.php\\\/safetycare-kit-ergonomique\\\/\"]}]},{\"@type\":\"BreadcrumbList\",\"@id\":\"https:\\\/\\\/energycare.fr\\\/index.php\\\/safetycare-kit-ergonomique\\\/#breadcrumb\",\"itemListElement\":[{\"@type\":\"ListItem\",\"position\":1,\"name\":\"Home\",\"item\":\"https:\\\/\\\/energycare.fr\\\/\"},{\"@type\":\"ListItem\",\"position\":2,\"name\":\"SafetyCare\"}]},{\"@type\":\"WebSite\",\"@id\":\"https:\\\/\\\/energycare.fr\\\/#website\",\"url\":\"https:\\\/\\\/energycare.fr\\\/\",\"name\":\"EnergyCare\",\"description\":\"Condensez la performance, rel\u00e2cher la pression.\",\"potentialAction\":[{\"@type\":\"SearchAction\",\"target\":{\"@type\":\"EntryPoint\",\"urlTemplate\":\"https:\\\/\\\/energycare.fr\\\/?s={search_term_string}\"},\"query-input\":{\"@type\":\"PropertyValueSpecification\",\"valueRequired\":true,\"valueName\":\"search_term_string\"}}],\"inLanguage\":\"fr-FR\"}]}<\/script>\n<!-- \/ Yoast SEO plugin. -->","yoast_head_json":{"title":"SafetyCare - Kit Ergonomique pour groupes froid","description":"D\u00e9couvrez le Kit de protection SafetyCare\u00ae pour groupes froid et s\u00e9curisez vos unit\u00e9s avec des mains courantes ergonomiques sur mesure.","robots":{"index":"index","follow":"follow","max-snippet":"max-snippet:-1","max-image-preview":"max-image-preview:large","max-video-preview":"max-video-preview:-1"},"canonical":"https:\/\/energycare.fr\/index.php\/safetycare-kit-ergonomique\/","og_locale":"fr_FR","og_type":"article","og_title":"SafetyCare - Kit Ergonomique pour groupes froid","og_description":"D\u00e9couvrez le Kit de protection SafetyCare\u00ae pour groupes froid et s\u00e9curisez vos unit\u00e9s avec des mains courantes ergonomiques sur mesure.","og_url":"https:\/\/energycare.fr\/index.php\/safetycare-kit-ergonomique\/","og_site_name":"EnergyCare","article_modified_time":"2025-11-02T19:49:54+00:00","twitter_card":"summary_large_image","twitter_misc":{"Dur\u00e9e de lecture estim\u00e9e":"4 minutes"},"schema":{"@context":"https:\/\/schema.org","@graph":[{"@type":"WebPage","@id":"https:\/\/energycare.fr\/index.php\/safetycare-kit-ergonomique\/","url":"https:\/\/energycare.fr\/index.php\/safetycare-kit-ergonomique\/","name":"SafetyCare - Kit Ergonomique pour groupes froid","isPartOf":{"@id":"https:\/\/energycare.fr\/#website"},"datePublished":"2025-07-28T09:37:03+00:00","dateModified":"2025-11-02T19:49:54+00:00","description":"D\u00e9couvrez le Kit de protection SafetyCare\u00ae pour groupes froid et s\u00e9curisez vos unit\u00e9s avec des mains courantes ergonomiques sur mesure.","breadcrumb":{"@id":"https:\/\/energycare.fr\/index.php\/safetycare-kit-ergonomique\/#breadcrumb"},"inLanguage":"fr-FR","potentialAction":[{"@type":"ReadAction","target":["https:\/\/energycare.fr\/index.php\/safetycare-kit-ergonomique\/"]}]},{"@type":"BreadcrumbList","@id":"https:\/\/energycare.fr\/index.php\/safetycare-kit-ergonomique\/#breadcrumb","itemListElement":[{"@type":"ListItem","position":1,"name":"Home","item":"https:\/\/energycare.fr\/"},{"@type":"ListItem","position":2,"name":"SafetyCare"}]},{"@type":"WebSite","@id":"https:\/\/energycare.fr\/#website","url":"https:\/\/energycare.fr\/","name":"EnergyCare","description":"Condensez la performance, rel\u00e2cher la pression.","potentialAction":[{"@type":"SearchAction","target":{"@type":"EntryPoint","urlTemplate":"https:\/\/energycare.fr\/?s={search_term_string}"},"query-input":{"@type":"PropertyValueSpecification","valueRequired":true,"valueName":"search_term_string"}}],"inLanguage":"fr-FR"}]}},"_links":{"self":[{"href":"https:\/\/energycare.fr\/index.php\/wp-json\/wp\/v2\/pages\/60","targetHints":{"allow":["GET"]}}],"collection":[{"href":"https:\/\/energycare.fr\/index.php\/wp-json\/wp\/v2\/pages"}],"about":[{"href":"https:\/\/energycare.fr\/index.php\/wp-json\/wp\/v2\/types\/page"}],"author":[{"embeddable":true,"href":"https:\/\/energycare.fr\/index.php\/wp-json\/wp\/v2\/users\/1"}],"replies":[{"embeddable":true,"href":"https:\/\/energycare.fr\/index.php\/wp-json\/wp\/v2\/comments?post=60"}],"version-history":[{"count":56,"href":"https:\/\/energycare.fr\/index.php\/wp-json\/wp\/v2\/pages\/60\/revisions"}],"predecessor-version":[{"id":1151,"href":"https:\/\/energycare.fr\/index.php\/wp-json\/wp\/v2\/pages\/60\/revisions\/1151"}],"wp:attachment":[{"href":"https:\/\/energycare.fr\/index.php\/wp-json\/wp\/v2\/media?parent=60"}],"curies":[{"name":"wp","href":"https:\/\/api.w.org\/{rel}","templated":true}]}}